{"id":137,"date":"2025-11-03T08:38:04","date_gmt":"2025-11-03T08:38:04","guid":{"rendered":"https:\/\/peakanalysis.webgain.dk\/?page_id=137"},"modified":"2025-11-24T12:01:32","modified_gmt":"2025-11-24T11:01:32","slug":"metodeudvikling","status":"publish","type":"page","link":"https:\/\/peakanalysis.dk\/en\/metodeudvikling\/","title":{"rendered":"Method Development"},"content":{"rendered":"<p>[et_pb_section fb_built=&#8221;1&#8243; fullwidth=&#8221;on&#8221; _builder_version=&#8221;4.16&#8243; global_colors_info=&#8221;{}&#8221;][et_pb_fullwidth_header title=&#8221;Metodeudvikling&#8221; background_overlay_color=&#8221;rgba(53,79,82,0.72)&#8221; content_max_width=&#8221;80%&#8221; content_max_width_tablet=&#8221;80%&#8221; content_max_width_phone=&#8221;100%&#8221; content_max_width_last_edited=&#8221;on|phone&#8221; _builder_version=&#8221;4.27.4&#8243; title_font=&#8221;|600|||||||&#8221; title_text_align=&#8221;left&#8221; title_font_size=&#8221;45px&#8221; title_letter_spacing=&#8221;2px&#8221; content_font=&#8221;|300|||||||&#8221; subhead_font=&#8221;|300|||||||&#8221; subhead_font_size=&#8221;22px&#8221; subhead_letter_spacing=&#8221;2px&#8221; subhead_line_height=&#8221;1.3em&#8221; content_link_font=&#8221;||||on||||&#8221; content_link_text_color=&#8221;#F3F4F6&#8243; background_color=&#8221;1d4f6c&#8221; background_image=&#8221;https:\/\/peakanalysis.dk\/wp-content\/uploads\/Metodeudvikling.jpg&#8221; custom_button_one=&#8221;on&#8221; button_one_text_size=&#8221;14&#8243; button_one_text_color=&#8221;#ffffff&#8221; button_one_bg_color=&#8221;#eaba88&#8243; button_one_border_color=&#8221;#eaba88&#8243; button_one_letter_spacing=&#8221;2&#8243; button_one_font=&#8221;|||on|||||&#8221; button_one_use_icon=&#8221;off&#8221; custom_button_two=&#8221;on&#8221; button_two_text_size=&#8221;14&#8243; button_two_text_color=&#8221;#ffffff&#8221; button_two_border_color=&#8221;#ffffff&#8221; button_two_letter_spacing=&#8221;2&#8243; button_two_font=&#8221;|||on|||||&#8221; button_two_use_icon=&#8221;off&#8221; custom_padding=&#8221;100px||100px||true|false&#8221; custom_padding_tablet=&#8221;100px||100px||true|false&#8221; custom_padding_phone=&#8221;2vw||2vw||true|false&#8221; custom_padding_last_edited=&#8221;on|phone&#8221; hover_enabled=&#8221;0&#8243; title_font_size_tablet=&#8221;45px&#8221; title_font_size_phone=&#8221;38px&#8221; title_font_size_last_edited=&#8221;on|phone&#8221; custom_css_title=&#8221;display:inline-block;&#8221; button_one_text_color_hover=&#8221;#ffffff&#8221; button_one_border_color_hover=&#8221;#ffffff&#8221; button_two_border_color_hover=&#8221;#eaba88&#8243; button_one_letter_spacing_hover=&#8221;2&#8243; button_two_letter_spacing_hover=&#8221;2&#8243; button_one_bg_color_hover=&#8221;rgba(255,255,255,0)&#8221; button_two_bg_color_hover=&#8221;#eaba88&#8243; global_colors_info=&#8221;{}&#8221; button_one_text_size__hover_enabled=&#8221;off&#8221; button_two_text_size__hover_enabled=&#8221;off&#8221; button_one_text_color__hover_enabled=&#8221;on&#8221; button_one_text_color__hover=&#8221;#ffffff&#8221; button_two_text_color__hover_enabled=&#8221;off&#8221; button_one_border_width__hover_enabled=&#8221;off&#8221; button_two_border_width__hover_enabled=&#8221;off&#8221; button_one_border_color__hover_enabled=&#8221;on&#8221; button_one_border_color__hover=&#8221;#ffffff&#8221; button_two_border_color__hover_enabled=&#8221;on&#8221; button_two_border_color__hover=&#8221;#eaba88&#8243; button_one_border_radius__hover_enabled=&#8221;off&#8221; button_two_border_radius__hover_enabled=&#8221;off&#8221; button_one_letter_spacing__hover_enabled=&#8221;on&#8221; button_one_letter_spacing__hover=&#8221;2&#8243; button_two_letter_spacing__hover_enabled=&#8221;on&#8221; button_two_letter_spacing__hover=&#8221;2&#8243; button_one_bg_color__hover_enabled=&#8221;on&#8221; button_one_bg_color__hover=&#8221;rgba(255,255,255,0)&#8221; button_two_bg_color__hover_enabled=&#8221;on&#8221; button_two_bg_color__hover=&#8221;#eaba88&#8243; sticky_enabled=&#8221;0&#8243;]<\/p>\n<p>Method development is performed in phases and is preferentially conducted in accordance with <a href=\"https:\/\/database.ich.org\/sites\/default\/files\/ICH_Q14_Document_Step2_Guideline_2022_0324.pdf\" target=\"_blank\" rel=\"noopener\">ICH Q14<\/a> utilizing advanced statistical models that support the selection of the most robust and reliable method. Depending on the desired quality and documentation, method type, and other parameters, simplified approaches may also be appropriate. For example, the scope of screening can be reduced, and certain statistical models may be omitted. Learn more about the different steps of method development below.<\/p>\n<p>[\/et_pb_fullwidth_header][\/et_pb_section][et_pb_section fb_built=&#8221;1&#8243; module_id=&#8221;welcome&#8221; _builder_version=&#8221;4.27.4&#8243; global_colors_info=&#8221;{}&#8221;][et_pb_row column_structure=&#8221;2_3,1_3&#8243; _builder_version=&#8221;4.27.4&#8243; background_size=&#8221;initial&#8221; background_position=&#8221;top_left&#8221; background_repeat=&#8221;repeat&#8221; custom_margin_tablet=&#8221;&#8221; custom_margin_phone=&#8221;&#8221; custom_margin_last_edited=&#8221;on|phone&#8221; custom_padding=&#8221;0px||||false|false&#8221; global_colors_info=&#8221;{}&#8221;][et_pb_column type=&#8221;2_3&#8243; _builder_version=&#8221;4.16&#8243; custom_padding=&#8221;|||&#8221; global_colors_info=&#8221;{}&#8221; custom_padding__hover=&#8221;|||&#8221;][et_pb_text _builder_version=&#8221;4.27.4&#8243; header_2_font=&#8221;|800|||||||&#8221; hover_enabled=&#8221;0&#8243; header_2_font_size_tablet=&#8221;&#8221; header_2_font_size_phone=&#8221;30px&#8221; header_2_font_size_last_edited=&#8221;on|phone&#8221; global_colors_info=&#8221;{}&#8221; sticky_enabled=&#8221;0&#8243;]<\/p>\n<h2>Column and Eluent Screening<\/h2>\n<p>The choice of column and eluent is the most critical factor for the selectivity and robustness of a chromatographic method. Unfortunately, it is often the factor that is varied and tested the least\u2014or not at all\u2014in method development.<\/p>\n<p>A systematic screening of carefully selected column and eluent combinations increases the likelihood of finding the best-performing combination. The screening is performed using advanced statistical software, combined with experience-based selection of columns and eluents, to generate data that support choosing the optimal combination of column and eluent.<\/p>\n<p>[\/et_pb_text][et_pb_text _builder_version=&#8221;4.27.4&#8243; header_2_font=&#8221;|800|||||||&#8221; hover_enabled=&#8221;0&#8243; header_2_font_size_tablet=&#8221;&#8221; header_2_font_size_phone=&#8221;30px&#8221; header_2_font_size_last_edited=&#8221;on|phone&#8221; global_colors_info=&#8221;{}&#8221; sticky_enabled=&#8221;0&#8243;]<\/p>\n<h2>Parameter Optimization<\/h2>\n<p>Once the optimal column and eluent combination has been identified, the next step is to optimize the other method parameters, which have a smaller, but still significant, effect on method performance. For LC methods, this typically includes selection of wavelength (for absorption detection), column temperature, flow rate, and gradient conditions.<\/p>\n<p>[\/et_pb_text][\/et_pb_column][et_pb_column type=&#8221;1_3&#8243; _builder_version=&#8221;4.16&#8243; custom_padding=&#8221;|||&#8221; global_colors_info=&#8221;{}&#8221; custom_padding__hover=&#8221;|||&#8221;][et_pb_image src=&#8221;https:\/\/peakanalysis.dk\/wp-content\/uploads\/877651pexels-ivan-samkov-9629678.jpg&#8221; title_text=&#8221;877651pexels-ivan-samkov-9629678&#8243; _builder_version=&#8221;4.27.4&#8243; _module_preset=&#8221;default&#8221; global_colors_info=&#8221;{}&#8221;][\/et_pb_image][\/et_pb_column][\/et_pb_row][et_pb_row column_structure=&#8221;2_3,1_3&#8243; custom_padding_last_edited=&#8221;on|phone&#8221; _builder_version=&#8221;4.27.4&#8243; background_size=&#8221;initial&#8221; background_position=&#8221;top_left&#8221; background_repeat=&#8221;repeat&#8221; custom_margin_tablet=&#8221;&#8221; custom_margin_phone=&#8221;&#8221; custom_margin_last_edited=&#8221;on|desktop&#8221; custom_padding_tablet=&#8221;&#8221; custom_padding_phone=&#8221;0px||||false|false&#8221; hover_enabled=&#8221;0&#8243; global_colors_info=&#8221;{}&#8221; custom_margin=&#8221;||||false|false&#8221; custom_padding=&#8221;0px||||false|false&#8221; sticky_enabled=&#8221;0&#8243;][et_pb_column type=&#8221;2_3&#8243; _builder_version=&#8221;4.16&#8243; custom_padding=&#8221;|||&#8221; global_colors_info=&#8221;{}&#8221; custom_padding__hover=&#8221;|||&#8221;][et_pb_text _builder_version=&#8221;4.27.4&#8243; header_2_font=&#8221;|800|||||||&#8221; hover_enabled=&#8221;0&#8243; header_2_font_size_tablet=&#8221;&#8221; header_2_font_size_phone=&#8221;30px&#8221; header_2_font_size_last_edited=&#8221;on|phone&#8221; global_colors_info=&#8221;{}&#8221; sticky_enabled=&#8221;0&#8243;]<\/p>\n<h2>Robustness<\/h2>\n<p>The term robustness is used in two relevant ways in this context:<\/p>\n<ul>\n<li>The method\u2019s ability to produce consistent analysis results despite changes in instrument parameters (also called ruggedness).<\/li>\n<li>Synonymous with operational stability: Few errors, little downtime attributed to the method, and maintained validation characteristics over time\u2014even with column variations.<\/li>\n<\/ul>\n<p>During qualification of an LC system, acceptance criteria ranges are defined for specific settings\u2014e.g., the requirement for detector wavelength accuracy might be \u00b12 nm, meaning that when the detector is set to 254 nm, actual detection may occurs anywhere between 252 and 256 nm. The robustness study documents the method\u2019s ability to function predictably despite this variation; that analysis results do not vary significantly and that SST requirements do not suddenly fail.<\/p>\n<p>With the final method parameters established, the method\u2019s performance is evaluated under challenge conditions\u2014intentionally running the method at incorrect set points to assess the impact on analytical results and overall performance.<\/p>\n<p>If method development has been conducted using QbD software, robustness can be reported as a purely data-driven exercise based on existing data. It is also possible to perform a formal, independent robustness study with separate experimental data.<\/p>\n<p>The robustness study concludes with a report that summarises observed effects and the method\u2019s readiness for validation. Additionally, provisional SST requirements for the method can be drafted, which are finalized during validation.<\/p>\n<p>[\/et_pb_text][\/et_pb_column][et_pb_column type=&#8221;1_3&#8243; _builder_version=&#8221;4.16&#8243; custom_padding=&#8221;|||&#8221; global_colors_info=&#8221;{}&#8221; custom_padding__hover=&#8221;|||&#8221;][et_pb_image src=&#8221;https:\/\/peakanalysis.dk\/wp-content\/uploads\/878820Afvejning.jpg&#8221; title_text=&#8221;878820Afvejning&#8221; _builder_version=&#8221;4.27.4&#8243; _module_preset=&#8221;default&#8221; global_colors_info=&#8221;{}&#8221;][\/et_pb_image][\/et_pb_column][\/et_pb_row][et_pb_row column_structure=&#8221;2_3,1_3&#8243; _builder_version=&#8221;4.27.4&#8243; background_size=&#8221;initial&#8221; background_position=&#8221;top_left&#8221; background_repeat=&#8221;repeat&#8221; custom_margin_tablet=&#8221;&#8221; custom_margin_phone=&#8221;&#8221; custom_margin_last_edited=&#8221;on|phone&#8221; custom_padding=&#8221;0px||0px||true|false&#8221; global_colors_info=&#8221;{}&#8221;][et_pb_column type=&#8221;2_3&#8243; _builder_version=&#8221;4.16&#8243; custom_padding=&#8221;|||&#8221; global_colors_info=&#8221;{}&#8221; custom_padding__hover=&#8221;|||&#8221;][et_pb_text _builder_version=&#8221;4.27.4&#8243; header_2_font=&#8221;|800|||||||&#8221; hover_enabled=&#8221;0&#8243; header_2_font_size_tablet=&#8221;&#8221; header_2_font_size_phone=&#8221;30px&#8221; header_2_font_size_last_edited=&#8221;on|phone&#8221; global_colors_info=&#8221;{}&#8221; sticky_enabled=&#8221;0&#8243;]<\/p>\n<h2>Advanced Sample Preparation<\/h2>\n<p>Some analytical methods require extensive sample preparation, including chemical modification of the analyte\/analytes, purification, and\/or buffer change. Any step in these processes could affect the final analysis result, and authorities often require documentation of the chosen steps, their set points and duration.<\/p>\n<p>Consider for example a sample preparation involving heating at 40 \u00b0C for 2 hours followed by 10 minutes of centrifugation at 7000 rcf. Are these steps sufficient with respect to temperature, speed, and duration? What would be the consequences of reducing the heating time to 1 hour? This design space should be explored to determine within which intervals the sample preparation yields consistently purified\/modified samples. This is important both for the quality of your analytical results, for regulatory documentation, and for identifying and eliminating over-processing.<\/p>\n<p>[\/et_pb_text][\/et_pb_column][et_pb_column type=&#8221;1_3&#8243; _builder_version=&#8221;4.16&#8243; custom_padding=&#8221;|||&#8221; global_colors_info=&#8221;{}&#8221; custom_padding__hover=&#8221;|||&#8221;][et_pb_image src=&#8221;https:\/\/peakanalysis.dk\/wp-content\/uploads\/878819Pipettering-i-eppendorf.jpg&#8221; title_text=&#8221;878819Pipettering i eppendorf&#8221; _builder_version=&#8221;4.27.4&#8243; _module_preset=&#8221;default&#8221; global_colors_info=&#8221;{}&#8221;][\/et_pb_image][\/et_pb_column][\/et_pb_row][\/et_pb_section][et_pb_section fb_built=&#8221;1&#8243; module_id=&#8221;logos&#8221; _builder_version=&#8221;4.27.4&#8243; background_color=&#8221;#f9fcff&#8221; custom_padding=&#8221;0px|||&#8221; global_module=&#8221;212&#8243; saved_tabs=&#8221;all&#8221; global_colors_info=&#8221;{}&#8221;][et_pb_row _builder_version=&#8221;4.16&#8243; background_size=&#8221;initial&#8221; background_position=&#8221;top_left&#8221; background_repeat=&#8221;repeat&#8221; global_colors_info=&#8221;{}&#8221;][et_pb_column type=&#8221;4_4&#8243; _builder_version=&#8221;4.16&#8243; custom_padding=&#8221;|||&#8221; global_colors_info=&#8221;{}&#8221; custom_padding__hover=&#8221;|||&#8221;][et_pb_text _builder_version=&#8221;4.27.4&#8243; header_2_font=&#8221;|800|||||||&#8221; text_orientation=&#8221;center&#8221; header_2_font_size_tablet=&#8221;&#8221; header_2_font_size_phone=&#8221;30px&#8221; header_2_font_size_last_edited=&#8221;on|phone&#8221; global_colors_info=&#8221;{}&#8221;]<\/p>\n<h2>Collaboration partners<\/h2>\n<p>Do you require a framework agreement for co-operation with consultancies?<br \/>We work with the companies below and our services can be offered through them.<\/p>\n<p>[\/et_pb_text][\/et_pb_column][\/et_pb_row][et_pb_row column_structure=&#8221;1_3,1_3,1_3&#8243; use_custom_gutter=&#8221;on&#8221; gutter_width=&#8221;1&#8243; make_equal=&#8221;on&#8221; _builder_version=&#8221;4.27.4&#8243; _module_preset=&#8221;default&#8221; custom_margin_tablet=&#8221;&#8221; custom_margin_phone=&#8221;|12vw|||false|false&#8221; custom_margin_last_edited=&#8221;on|phone&#8221; global_colors_info=&#8221;{}&#8221;][et_pb_column type=&#8221;1_3&#8243; _builder_version=&#8221;4.27.4&#8243; _module_preset=&#8221;default&#8221; global_colors_info=&#8221;{}&#8221;][et_pb_image src=&#8221;https:\/\/peakanalysis.dk\/wp-content\/uploads\/Formula-Lab-logo-transparent.png&#8221; title_text=&#8221;Formula-Lab-logo-transparent&#8221; url=&#8221;https:\/\/formulalab.dk\/&#8221; url_new_window=&#8221;on&#8221; align=&#8221;center&#8221; _builder_version=&#8221;4.27.4&#8243; _module_preset=&#8221;default&#8221; height=&#8221;40px&#8221; custom_margin_tablet=&#8221;&#8221; custom_margin_phone=&#8221;||10vw||false|false&#8221; custom_margin_last_edited=&#8221;on|phone&#8221; global_colors_info=&#8221;{}&#8221;][\/et_pb_image][\/et_pb_column][et_pb_column type=&#8221;1_3&#8243; _builder_version=&#8221;4.27.4&#8243; _module_preset=&#8221;default&#8221; global_colors_info=&#8221;{}&#8221;][et_pb_image src=&#8221;https:\/\/peakanalysis.dk\/wp-content\/uploads\/aptio-logo-transparent.png&#8221; title_text=&#8221;aptio-logo-transparent&#8221; url=&#8221;https:\/\/aptiogroup.com\/dk\/&#8221; url_new_window=&#8221;on&#8221; align=&#8221;center&#8221; _builder_version=&#8221;4.27.4&#8243; _module_preset=&#8221;default&#8221; max_height=&#8221;120px&#8221; custom_padding_tablet=&#8221;&#8221; custom_padding_phone=&#8221;||10vw||false|false&#8221; custom_padding_last_edited=&#8221;on|phone&#8221; global_colors_info=&#8221;{}&#8221;][\/et_pb_image][\/et_pb_column][et_pb_column type=&#8221;1_3&#8243; _builder_version=&#8221;4.27.4&#8243; _module_preset=&#8221;default&#8221; global_colors_info=&#8221;{}&#8221;][et_pb_image src=&#8221;https:\/\/peakanalysis.dk\/wp-content\/uploads\/914572CMCDP-logo.jpg&#8221; title_text=&#8221;914572CMCDP-logo&#8221; url=&#8221;https:\/\/cmcdp.dk\/&#8221; url_new_window=&#8221;on&#8221; align=&#8221;center&#8221; _builder_version=&#8221;4.27.4&#8243; _module_preset=&#8221;default&#8221; max_height=&#8221;120px&#8221; global_colors_info=&#8221;{}&#8221;][\/et_pb_image][\/et_pb_column][\/et_pb_row][\/et_pb_section]<\/p>","protected":false},"excerpt":{"rendered":"<p>Metodeudvikling foreg\u00e5r i faser og kan med fordel gennemf\u00f8res i overensstemmelse med ICH Q14 med brug af avancerede statistiske modeller, som underst\u00f8tter valget af den mest robuste og p\u00e5lidelige metode. Afh\u00e6ngigt af den \u00f8nskede kvalitet og dokumentation, metodetype og \u00f8vrige parametre kan reducerede tilgange ogs\u00e5 v\u00e6re relevante. Eksempelvis kan screeningsomfanget reduceres, og visse statistiske modeller [&hellip;]<\/p>","protected":false},"author":2,"featured_media":0,"parent":0,"menu_order":0,"comment_status":"closed","ping_status":"closed","template":"","meta":{"_et_pb_use_builder":"on","_et_pb_old_content":"<!-- wp:divi\/placeholder \/-->","_et_gb_content_width":"","footnotes":""},"class_list":["post-137","page","type-page","status-publish","hentry"],"_links":{"self":[{"href":"https:\/\/peakanalysis.dk\/en\/wp-json\/wp\/v2\/pages\/137","targetHints":{"allow":["GET"]}}],"collection":[{"href":"https:\/\/peakanalysis.dk\/en\/wp-json\/wp\/v2\/pages"}],"about":[{"href":"https:\/\/peakanalysis.dk\/en\/wp-json\/wp\/v2\/types\/page"}],"author":[{"embeddable":true,"href":"https:\/\/peakanalysis.dk\/en\/wp-json\/wp\/v2\/users\/2"}],"replies":[{"embeddable":true,"href":"https:\/\/peakanalysis.dk\/en\/wp-json\/wp\/v2\/comments?post=137"}],"version-history":[{"count":14,"href":"https:\/\/peakanalysis.dk\/en\/wp-json\/wp\/v2\/pages\/137\/revisions"}],"predecessor-version":[{"id":314,"href":"https:\/\/peakanalysis.dk\/en\/wp-json\/wp\/v2\/pages\/137\/revisions\/314"}],"wp:attachment":[{"href":"https:\/\/peakanalysis.dk\/en\/wp-json\/wp\/v2\/media?parent=137"}],"curies":[{"name":"wp","href":"https:\/\/api.w.org\/{rel}","templated":true}]}}