{"id":145,"date":"2025-11-03T08:38:33","date_gmt":"2025-11-03T08:38:33","guid":{"rendered":"https:\/\/peakanalysis.webgain.dk\/?page_id=145"},"modified":"2025-11-24T12:01:35","modified_gmt":"2025-11-24T11:01:35","slug":"om-os","status":"publish","type":"page","link":"https:\/\/peakanalysis.dk\/en\/om-os\/","title":{"rendered":"About us"},"content":{"rendered":"<p>[et_pb_section fb_built=&#8221;1&#8243; fullwidth=&#8221;on&#8221; _builder_version=&#8221;4.16&#8243; global_colors_info=&#8221;{}&#8221;][et_pb_fullwidth_header title=&#8221;Om PeakAnalysis&#8221; background_overlay_color=&#8221;rgba(53,79,82,0.72)&#8221; content_max_width=&#8221;80%&#8221; _builder_version=&#8221;4.27.4&#8243; title_font=&#8221;|600|||||||&#8221; title_text_align=&#8221;left&#8221; title_font_size=&#8221;45px&#8221; title_letter_spacing=&#8221;2px&#8221; content_font=&#8221;|300|||||||&#8221; subhead_font=&#8221;|300|||||||&#8221; subhead_font_size=&#8221;22px&#8221; subhead_letter_spacing=&#8221;2px&#8221; subhead_line_height=&#8221;1.3em&#8221; background_color=&#8221;1d4f6c&#8221; background_image=&#8221;https:\/\/peakanalysis.dk\/wp-content\/uploads\/Metodeudvikling.jpg&#8221; custom_button_one=&#8221;on&#8221; button_one_text_size=&#8221;14&#8243; button_one_text_color=&#8221;#ffffff&#8221; button_one_bg_color=&#8221;#eaba88&#8243; button_one_border_color=&#8221;#eaba88&#8243; button_one_letter_spacing=&#8221;2&#8243; button_one_font=&#8221;|||on|||||&#8221; button_one_use_icon=&#8221;off&#8221; custom_button_two=&#8221;on&#8221; button_two_text_size=&#8221;14&#8243; button_two_text_color=&#8221;#ffffff&#8221; button_two_border_color=&#8221;#ffffff&#8221; button_two_letter_spacing=&#8221;2&#8243; button_two_font=&#8221;|||on|||||&#8221; button_two_use_icon=&#8221;off&#8221; custom_padding=&#8221;100px||100px||true|false&#8221; custom_padding_tablet=&#8221;100px||100px||true|false&#8221; custom_padding_phone=&#8221;2vw||2vw||true|false&#8221; custom_padding_last_edited=&#8221;on|phone&#8221; title_font_size_tablet=&#8221;45px&#8221; title_font_size_phone=&#8221;38px&#8221; title_font_size_last_edited=&#8221;on|phone&#8221; custom_css_title=&#8221;display:inline-block;&#8221; button_one_text_color_hover=&#8221;#ffffff&#8221; button_one_border_color_hover=&#8221;#ffffff&#8221; button_two_border_color_hover=&#8221;#eaba88&#8243; button_one_letter_spacing_hover=&#8221;2&#8243; button_two_letter_spacing_hover=&#8221;2&#8243; button_one_bg_color_hover=&#8221;rgba(255,255,255,0)&#8221; button_two_bg_color_hover=&#8221;#eaba88&#8243; global_colors_info=&#8221;{}&#8221; button_one_text_size__hover_enabled=&#8221;off&#8221; button_two_text_size__hover_enabled=&#8221;off&#8221; button_one_text_color__hover_enabled=&#8221;on&#8221; button_one_text_color__hover=&#8221;#ffffff&#8221; button_two_text_color__hover_enabled=&#8221;off&#8221; button_one_border_width__hover_enabled=&#8221;off&#8221; button_two_border_width__hover_enabled=&#8221;off&#8221; button_one_border_color__hover_enabled=&#8221;on&#8221; button_one_border_color__hover=&#8221;#ffffff&#8221; button_two_border_color__hover_enabled=&#8221;on&#8221; button_two_border_color__hover=&#8221;#eaba88&#8243; button_one_border_radius__hover_enabled=&#8221;off&#8221; button_two_border_radius__hover_enabled=&#8221;off&#8221; button_one_letter_spacing__hover_enabled=&#8221;on&#8221; button_one_letter_spacing__hover=&#8221;2&#8243; button_two_letter_spacing__hover_enabled=&#8221;on&#8221; button_two_letter_spacing__hover=&#8221;2&#8243; button_one_bg_color__hover_enabled=&#8221;on&#8221; button_one_bg_color__hover=&#8221;rgba(255,255,255,0)&#8221; button_two_bg_color__hover_enabled=&#8221;on&#8221; button_two_bg_color__hover=&#8221;#eaba88&#8243;]<\/p>\n<p>PeakAnalysis has offered consultancy and services since 2023. Our ambition is to develop robust methods that support your product\u2019s entire lifecycle, ensuring reliability, quality, and transparency in the results. We adhere to recognized quality standards and best practices to deliver value-adding solutions to our clients.<\/p>\n<p>[\/et_pb_fullwidth_header][\/et_pb_section][et_pb_section fb_built=&#8221;1&#8243; module_id=&#8221;welcome&#8221; _builder_version=&#8221;4.27.4&#8243; custom_padding=&#8221;||1vw||false|false&#8221; global_colors_info=&#8221;{}&#8221;][et_pb_row column_structure=&#8221;3_5,2_5&#8243; custom_padding_last_edited=&#8221;on|phone&#8221; _builder_version=&#8221;4.27.4&#8243; background_size=&#8221;initial&#8221; background_position=&#8221;top_left&#8221; background_repeat=&#8221;repeat&#8221; custom_padding_tablet=&#8221;&#8221; custom_padding_phone=&#8221;0px||0px||true|false&#8221; global_colors_info=&#8221;{}&#8221;][et_pb_column type=&#8221;3_5&#8243; _builder_version=&#8221;4.16&#8243; custom_padding=&#8221;|||&#8221; global_colors_info=&#8221;{}&#8221; custom_padding__hover=&#8221;|||&#8221;][et_pb_text _builder_version=&#8221;4.27.4&#8243; header_2_font=&#8221;|800|||||||&#8221; header_2_font_size_tablet=&#8221;&#8221; header_2_font_size_phone=&#8221;30px&#8221; header_2_font_size_last_edited=&#8221;on|phone&#8221; global_colors_info=&#8221;{}&#8221;]<\/p>\n<h2>Lasse Kofoed Bech - founder and owner<\/h2>\n<p>With 11 years of industry experience, chromatography has been the common thread throughout my career. In this specialized field, I have experience with HPLC, UHPLC, GC, and IC, with a wide range of detectors.<\/p>\n<p>[\/et_pb_text][\/et_pb_column][et_pb_column type=&#8221;2_5&#8243; _builder_version=&#8221;4.16&#8243; custom_padding=&#8221;|||&#8221; global_colors_info=&#8221;{}&#8221; custom_padding__hover=&#8221;|||&#8221;][et_pb_image src=&#8221;https:\/\/peakanalysis.dk\/wp-content\/uploads\/Lasse-Kofoed-Bech-Peak-Analysis.png&#8221; alt=&#8221;Lasse Kofoed Bech &#8211; PeakAnalysis&#8221; title_text=&#8221;Lasse Kofoed Bech &#8211; PeakAnalysis&#8221; align=&#8221;center&#8221; _builder_version=&#8221;4.27.4&#8243; _module_preset=&#8221;default&#8221; hover_enabled=&#8221;0&#8243; global_colors_info=&#8221;{}&#8221; max_width=&#8221;80%&#8221; max_width_last_edited=&#8221;on|desktop&#8221; max_width_tablet=&#8221;80%&#8221; sticky_enabled=&#8221;0&#8243; max_width_phone=&#8221;100%&#8221;][\/et_pb_image][\/et_pb_column][\/et_pb_row][\/et_pb_section][et_pb_section fb_built=&#8221;1&#8243; module_id=&#8221;logos&#8221; _builder_version=&#8221;4.27.4&#8243; background_color=&#8221;#f9fcff&#8221; custom_padding=&#8221;0px|||&#8221; global_module=&#8221;212&#8243; saved_tabs=&#8221;all&#8221; global_colors_info=&#8221;{}&#8221;][et_pb_row _builder_version=&#8221;4.16&#8243; background_size=&#8221;initial&#8221; background_position=&#8221;top_left&#8221; background_repeat=&#8221;repeat&#8221; global_colors_info=&#8221;{}&#8221;][et_pb_column type=&#8221;4_4&#8243; _builder_version=&#8221;4.16&#8243; custom_padding=&#8221;|||&#8221; global_colors_info=&#8221;{}&#8221; custom_padding__hover=&#8221;|||&#8221;][et_pb_text _builder_version=&#8221;4.27.4&#8243; header_2_font=&#8221;|800|||||||&#8221; text_orientation=&#8221;center&#8221; header_2_font_size_tablet=&#8221;&#8221; header_2_font_size_phone=&#8221;30px&#8221; header_2_font_size_last_edited=&#8221;on|phone&#8221; global_colors_info=&#8221;{}&#8221;]<\/p>\n<h2>Collaboration partners<\/h2>\n<p>Do you require a framework agreement for co-operation with consultancies?<br \/>We work with the companies below and our services can be offered through them.<\/p>\n<p>[\/et_pb_text][\/et_pb_column][\/et_pb_row][et_pb_row column_structure=&#8221;1_3,1_3,1_3&#8243; use_custom_gutter=&#8221;on&#8221; gutter_width=&#8221;1&#8243; make_equal=&#8221;on&#8221; _builder_version=&#8221;4.27.4&#8243; _module_preset=&#8221;default&#8221; custom_margin_tablet=&#8221;&#8221; custom_margin_phone=&#8221;|12vw|||false|false&#8221; custom_margin_last_edited=&#8221;on|phone&#8221; global_colors_info=&#8221;{}&#8221;][et_pb_column type=&#8221;1_3&#8243; _builder_version=&#8221;4.27.4&#8243; _module_preset=&#8221;default&#8221; custom_padding_tablet=&#8221;|2vw|||false|false&#8221; custom_padding_phone=&#8221;&#8221; custom_padding_last_edited=&#8221;on|tablet&#8221; global_colors_info=&#8221;{}&#8221; custom_css_main_element_last_edited=&#8221;on|phone&#8221; custom_css_main_element_tablet=&#8221;width:33%;&#8221; custom_css_main_element_phone=&#8221;width:100%;&#8221;][et_pb_image src=&#8221;https:\/\/peakanalysis.dk\/wp-content\/uploads\/Formula-Lab-logo-transparent.png&#8221; title_text=&#8221;Formula-Lab-logo-transparent&#8221; url=&#8221;https:\/\/formulalab.dk\/&#8221; url_new_window=&#8221;on&#8221; align=&#8221;center&#8221; _builder_version=&#8221;4.27.4&#8243; _module_preset=&#8221;default&#8221; height=&#8221;40px&#8221; custom_margin=&#8221;3vw||||false|false&#8221; custom_margin_tablet=&#8221;||||false|false&#8221; custom_margin_phone=&#8221;||10vw||false|false&#8221; custom_margin_last_edited=&#8221;on|desktop&#8221; custom_padding=&#8221;||||false|false&#8221; global_colors_info=&#8221;{}&#8221;][\/et_pb_image][\/et_pb_column][et_pb_column type=&#8221;1_3&#8243; _builder_version=&#8221;4.27.4&#8243; _module_preset=&#8221;default&#8221; custom_padding_tablet=&#8221;|2vw|||false|false&#8221; custom_padding_phone=&#8221;&#8221; custom_padding_last_edited=&#8221;on|tablet&#8221; global_colors_info=&#8221;{}&#8221; custom_css_main_element_last_edited=&#8221;on|phone&#8221; custom_css_main_element_tablet=&#8221;width:33%;&#8221; custom_css_main_element_phone=&#8221;width:100%;&#8221;][et_pb_image src=&#8221;https:\/\/peakanalysis.dk\/wp-content\/uploads\/aptio-logo-transparent.png&#8221; title_text=&#8221;aptio-logo-transparent&#8221; url=&#8221;https:\/\/aptiogroup.com\/dk\/&#8221; url_new_window=&#8221;on&#8221; align=&#8221;center&#8221; _builder_version=&#8221;4.27.4&#8243; _module_preset=&#8221;default&#8221; max_height=&#8221;120px&#8221; custom_padding_tablet=&#8221;&#8221; custom_padding_phone=&#8221;||10vw||false|false&#8221; custom_padding_last_edited=&#8221;on|phone&#8221; global_colors_info=&#8221;{}&#8221;][\/et_pb_image][\/et_pb_column][et_pb_column type=&#8221;1_3&#8243; _builder_version=&#8221;4.27.4&#8243; _module_preset=&#8221;default&#8221; global_colors_info=&#8221;{}&#8221; custom_css_main_element_last_edited=&#8221;on|tablet&#8221; custom_css_main_element_tablet=&#8221;width:33%;&#8221; custom_css_main_element_phone=&#8221;width:100%;&#8221;][et_pb_image src=&#8221;https:\/\/peakanalysis.dk\/wp-content\/uploads\/914572CMCDP-logo.jpg&#8221; title_text=&#8221;914572CMCDP-logo&#8221; url=&#8221;https:\/\/cmcdp.dk\/&#8221; url_new_window=&#8221;on&#8221; align=&#8221;center&#8221; _builder_version=&#8221;4.27.4&#8243; _module_preset=&#8221;default&#8221; max_height=&#8221;120px&#8221; global_colors_info=&#8221;{}&#8221;][\/et_pb_image][\/et_pb_column][\/et_pb_row][\/et_pb_section]<\/p>","protected":false},"excerpt":{"rendered":"<p>PeakAnalysis har tilbudt r\u00e5dgivning og services siden 2023. Vores ambition er at udvikle robuste metoder, der lever op til hele dit produkts livscyklus og sikrer p\u00e5lidelighed, kvalitet og gennemsigtighed i resultaterne. Vi f\u00f8lger anerkendte kvalitetsstandarder og best practice for at levere v\u00e6rdiskabende l\u00f8sninger til vores kunder.Lasse Kofoed Bech &#8211; grundl\u00e6gger og ejer Med 11 \u00e5rs [&hellip;]<\/p>","protected":false},"author":2,"featured_media":0,"parent":0,"menu_order":0,"comment_status":"closed","ping_status":"closed","template":"","meta":{"_et_pb_use_builder":"on","_et_pb_old_content":"<!-- wp:divi\/placeholder \/-->","_et_gb_content_width":"","footnotes":""},"class_list":["post-145","page","type-page","status-publish","hentry"],"_links":{"self":[{"href":"https:\/\/peakanalysis.dk\/en\/wp-json\/wp\/v2\/pages\/145","targetHints":{"allow":["GET"]}}],"collection":[{"href":"https:\/\/peakanalysis.dk\/en\/wp-json\/wp\/v2\/pages"}],"about":[{"href":"https:\/\/peakanalysis.dk\/en\/wp-json\/wp\/v2\/types\/page"}],"author":[{"embeddable":true,"href":"https:\/\/peakanalysis.dk\/en\/wp-json\/wp\/v2\/users\/2"}],"replies":[{"embeddable":true,"href":"https:\/\/peakanalysis.dk\/en\/wp-json\/wp\/v2\/comments?post=145"}],"version-history":[{"count":11,"href":"https:\/\/peakanalysis.dk\/en\/wp-json\/wp\/v2\/pages\/145\/revisions"}],"predecessor-version":[{"id":358,"href":"https:\/\/peakanalysis.dk\/en\/wp-json\/wp\/v2\/pages\/145\/revisions\/358"}],"wp:attachment":[{"href":"https:\/\/peakanalysis.dk\/en\/wp-json\/wp\/v2\/media?parent=145"}],"curies":[{"name":"wp","href":"https:\/\/api.w.org\/{rel}","templated":true}]}}